{"id":5094,"date":"2025-08-09T22:17:04","date_gmt":"2025-08-09T16:47:04","guid":{"rendered":"https:\/\/readingdeleuzeinindia.org\/?page_id=5094"},"modified":"2025-08-12T08:35:56","modified_gmt":"2025-08-12T03:05:56","slug":"christoph-kluetsch-profile-for-an-art-and-meditation-center","status":"publish","type":"page","link":"https:\/\/readingdeleuzeinindia.org\/zh\/christoph-kluetsch-profile-for-an-art-and-meditation-center\/","title":{"rendered":"Christoph Kl\u00fctsch - \u827a\u672f\u4e0e\u51a5\u60f3\u4e2d\u5fc3\u7b80\u4ecb"},"content":{"rendered":"<p>\u514b\u91cc\u65af\u6258\u592b-\u514b\u5415\u8328\uff08Christoph Kl\u00fctsch\uff09\u662f\u4e00\u4f4d\u827a\u672f\u54f2\u5b66\u5bb6\u3001\u6587\u5316\u5386\u53f2\u5b66\u5bb6\u548c\u6559\u80b2\u5bb6\uff0c\u4ed6\u7684\u6bd5\u751f\u4e8b\u4e1a\u662f\u6279\u5224\u7406\u8bba\u3001\u521b\u4f5c\u5b9e\u8df5\u548c\u6c89\u601d\u610f\u8bc6\u7684\u7ed3\u5408\u3002\u8fc7\u53bb\u4e8c\u5341\u5e74\u6765\uff0c\u4ed6\u5728\u6b27\u6d32\u3001\u5370\u5ea6\u548c\u7f8e\u56fd\u4ece\u4e8b\u6559\u5b66\u3001\u7814\u7a76\u548c\u7b56\u5c55\u5de5\u4f5c\uff0c\u5c06\u73b0\u5f53\u4ee3\u827a\u672f\u3001\u5fb7\u52d2\u5179\u54f2\u5b66\u3001\u5a92\u4f53\u7406\u8bba\u548c\u5168\u7403\u6587\u5316\u4f20\u7edf\u878d\u4e3a\u4e00\u4f53\u3002<\/p>\r\n\r\n\r\n\r\n<figure class=\"wp-block-image size-medium is-resized is-style-rounded\"><img loading=\"lazy\" decoding=\"async\"  width=\"300\" height=\"423\" class=\"wp-image-5105\" style=\"width: 300px;\" src=\"https:\/\/readingdeleuzeinindia.org\/wp-content\/uploads\/2025\/08\/P1080592-355x500.jpg\" alt=\"\" srcset=\"https:\/\/readingdeleuzeinindia.org\/wp-content\/uploads\/2025\/08\/P1080592-355x500.jpg 355w, https:\/\/readingdeleuzeinindia.org\/wp-content\/uploads\/2025\/08\/P1080592-1082x1524.jpg 1082w, https:\/\/readingdeleuzeinindia.org\/wp-content\/uploads\/2025\/08\/P1080592-107x150.jpg 107w, https:\/\/readingdeleuzeinindia.org\/wp-content\/uploads\/2025\/08\/P1080592-768x1081.jpg 768w, https:\/\/readingdeleuzeinindia.org\/wp-content\/uploads\/2025\/08\/P1080592-1091x1536.jpg 1091w, https:\/\/readingdeleuzeinindia.org\/wp-content\/uploads\/2025\/08\/P1080592-1454x2048.jpg 1454w, https:\/\/readingdeleuzeinindia.org\/wp-content\/uploads\/2025\/08\/P1080592-600x845.jpg 600w, https:\/\/readingdeleuzeinindia.org\/wp-content\/uploads\/2025\/08\/P1080592-scaled.jpg 1364w\" sizes=\"(max-width: 300px) 100vw, 300px\" \/><\/figure>\r\n\r\n\r\n\r\n<p>\u7531\u4e8e <strong>\u666e\u7f57\u65fa\u65af\u5b66\u9662\u521b\u59cb\u4eba<\/strong> \u5728\u6cd5\u56fd\u548c\u524d <strong>\u8428\u51e1\u7eb3\u827a\u672f\u4e0e\u8bbe\u8ba1\u5b66\u9662\u5b66\u672f\u4e3b\u4efb<\/strong> (\u5728\u62c9\u79d1\u65af\u7279\u827a\u672f\u5b66\u9662\uff08SCAD\uff09\uff0c\u4ed6\u6559\u6388\u4e86\u51e0\u4ee3\u5b66\u751f\u548c\u827a\u672f\u5bb6\uff0c\u8bfe\u7a0b\u5305\u62ec\u827a\u672f\u4e0e\u7cbe\u795e\u3001\u89c6\u89c9\u6587\u5316\u548c\u540e\u73b0\u4ee3\u4e3b\u4e49\u3002\u4ed6\u7684\u7814\u7a76\u6210\u679c\u5728\u56fd\u9645\u4e0a\u5e7f\u4e3a\u6d41\u4f20\uff0c\u5176\u4e2d\u5305\u62ec\u300a\u8ba1\u7b97\u673a\u56fe\u5f62\u5b66\u300b\uff08Computer Graphic\uff1a\u4ed6\u5728\u56fd\u9645\u4e0a\u53d1\u8868\u7684\u7814\u7a76\u6210\u679c--\u5305\u62ec\u300a\u8ba1\u7b97\u673a\u56fe\u5f62\uff1a\u4e24\u79cd\u6587\u5316\u4e4b\u95f4\u7684\u7f8e\u5b66\u5b9e\u9a8c\u300b\uff08\u65bd\u666e\u6797\u683c\u51fa\u7248\u793e\uff09--\u63a2\u7d22\u4e86\u827a\u672f\u3001\u6280\u672f\u548c\u601d\u60f3\u4e4b\u95f4\u7684\u754c\u9650\uff0c\u800c\u4ed6\u9886\u5bfc\u7684\u5c61\u83b7\u6b8a\u8363\u7684\u6b27\u6d32\u6587\u5316\u9879\u76ee\u5219\u8bc1\u660e\u4e86\u4ed6\u5c06\u613f\u666f\u53d8\u4e3a\u73b0\u5b9e\u7684\u80fd\u529b\u3002<\/p>\r\n<p>\u8fd1\u5e74\u6765\uff0c\u514b\u91cc\u65af\u6258\u592b\u7684\u5de5\u4f5c\u91cd\u70b9\u662f <em>\u4e1c\u897f\u65b9\u77e5\u8bc6\u7684\u78b0\u649e<\/em> \u96c6\u4e2d\u3002\u5728\u4ed6\u7684\u8457\u4f5c\uff08\u5982\u300a\u5728\u5370\u5ea6\u9605\u8bfb\u5fb7\u52d2\u5179\u300b\uff09\u4e2d\uff0c\u4ed6\u63a2\u8ba8\u4e86\u54f2\u5b66\u601d\u60f3\u5982\u4f55\u6d3b\u7528\u4e8e\u5b9e\u8df5\uff1a\u97f3\u4e50\u3001\u624b\u52bf\u3001\u5149\u7ebf\u548c\u9759\u6b62\u5982\u4f55\u4f53\u73b0 \"\u6210\u4e3a\"\u3001\"\u591a\u91cd\u6027 \"\u548c \"\u5185\u5728\u6027 \"\u7684\u6982\u5ff5\u3002\u4ed6\u5728\u5370\u5ea6\u671f\u95f4\u6240\u521b\u4f5c\u7684\u4f5c\u54c1\u53cd\u6620\u4e86\u4f5c\u4e3a\u5bf9\u5185\u5728\u4e4b\u5149\u7684\u8ba4\u53ef\u7684 Namaste \u95ee\u5019\u3001\u4f5c\u4e3a\u7075\u9b42\u7684\u65f6\u95f4\u67b6\u6784\u7684 raga \u4ee5\u53ca\u65af\u91cc-\u5965\u7f57\u5bbe\u591a\uff08Sri Aurobindo\uff09\u5bf9\u8fdb\u5316\u4e2d\u7684\u610f\u8bc6\u7684\u770b\u6cd5\u3002\u8fd9\u4e9b\u601d\u8003\u8868\u660e\uff0c\u827a\u672f\u5e76\u975e\u4e0e\u751f\u6d3b\u5206\u79bb\uff0c\u800c\u662f\u5185\u5728\u53d8\u9769\u5b9e\u8df5\u7684\u4e00\u90e8\u5206\u3002<\/p>\r\n<p>\u4ed6\u7684 <strong>\u8ba1\u5212\u4e2d\u7684\u827a\u672f\u548c\u51a5\u60f3\u4e2d\u5fc3<\/strong> - \u5b83\u5c06\u6210\u4e3a\u827a\u672f\u5bb6\u3001\u54f2\u5b66\u5bb6\u548c\u63a2\u7d22\u8005\u805a\u4f1a\u548c\u5171\u540c\u63a2\u7d22\u7684\u5730\u65b9\u3002\u5728\u8fd9\u91cc\uff0c\u5de5\u4f5c\u5ba4\u5c06\u6210\u4e3a\u51a5\u60f3\u7a7a\u95f4\uff0c\u51a5\u60f3\u7a7a\u95f4\u5c06\u6210\u4e3a\u5de5\u4f5c\u5ba4\u3002\u57fa\u4e8e\u521b\u610f\u8868\u8fbe\u548c\u7cbe\u795e\u4fee\u70bc\u662f\u540c\u4e00\u8fd0\u52a8\u7684\u4e24\u4e2a\u65b9\u9762\u8fd9\u4e00\u4fe1\u5ff5\uff0c\u8be5\u4e2d\u5fc3\u5c06\u57f9\u517b\u6279\u5224\u6027\u601d\u7ef4\u548c\u5f00\u653e\u7684\u5fc3\u7075\u3002<\/p>\r\n<p>\u514b\u91cc\u65af\u6258\u592b\u7cbe\u901a\u5fb7\u8bed\u3001\u82f1\u8bed\u548c\u6cd5\u8bed\uff0c\u5e76\u62e5\u6709\u4e0e\u5176\u4ed6\u6587\u5316\u6253\u4ea4\u9053\u7684\u7ecf\u9a8c\uff0c\u8fd9\u4f7f\u4ed6\u6ce8\u5b9a\u8981\u9886\u5bfc\u8fd9\u6837\u4e00\u4e2a\u4e2d\u5fc3\u3002\u4ed6\u7684\u4eba\u751f\u8f68\u8ff9\u6db5\u76d6\u4e86\u827a\u672f\u53f2\u3001\u5a92\u4f53\u521b\u65b0\u3001\u8de8\u6587\u5316\u5bf9\u8bdd\u548c\u6c89\u601d\u54f2\u5b66\uff0c\u6070\u6070\u4f53\u73b0\u4e86\u8be5\u4e2d\u5fc3\u6240\u5021\u5bfc\u7684\u7efc\u5408\u7406\u5ff5\uff1a\u4e00\u4e2a\u601d\u60f3\u4e0e\u5b58\u5728\u3001\u827a\u672f\u4e0e\u7cbe\u795e\u76f8\u878d\u5408\u7684\u5730\u65b9\u3002<\/p>\r\n\r\n\r\n\r\n<p><img loading=\"lazy\" decoding=\"async\"  class=\"alignnone size-medium wp-image-5103\" src=\"https:\/\/readingdeleuzeinindia.org\/wp-content\/uploads\/2025\/08\/P1080569-500x463.jpg\" alt=\"\" width=\"500\" height=\"463\" srcset=\"https:\/\/readingdeleuzeinindia.org\/wp-content\/uploads\/2025\/08\/P1080569-500x463.jpg 500w, https:\/\/readingdeleuzeinindia.org\/wp-content\/uploads\/2025\/08\/P1080569-1524x1410.jpg 1524w, https:\/\/readingdeleuzeinindia.org\/wp-content\/uploads\/2025\/08\/P1080569-150x139.jpg 150w, https:\/\/readingdeleuzeinindia.org\/wp-content\/uploads\/2025\/08\/P1080569-768x711.jpg 768w, https:\/\/readingdeleuzeinindia.org\/wp-content\/uploads\/2025\/08\/P1080569-1536x1421.jpg 1536w, https:\/\/readingdeleuzeinindia.org\/wp-content\/uploads\/2025\/08\/P1080569-2048x1895.jpg 2048w, https:\/\/readingdeleuzeinindia.org\/wp-content\/uploads\/2025\/08\/P1080569-600x555.jpg 600w, https:\/\/readingdeleuzeinindia.org\/wp-content\/uploads\/2025\/08\/P1080569-scaled.jpg 1920w\" sizes=\"(max-width: 500px) 100vw, 500px\" \/> <img loading=\"lazy\" decoding=\"async\"  class=\"alignnone size-medium wp-image-5110\" src=\"https:\/\/readingdeleuzeinindia.org\/wp-content\/uploads\/2025\/08\/P1080649-375x500.jpg\" alt=\"\" width=\"375\" height=\"500\" srcset=\"https:\/\/readingdeleuzeinindia.org\/wp-content\/uploads\/2025\/08\/P1080649-375x500.jpg 375w, https:\/\/readingdeleuzeinindia.org\/wp-content\/uploads\/2025\/08\/P1080649-1144x1524.jpg 1144w, https:\/\/readingdeleuzeinindia.org\/wp-content\/uploads\/2025\/08\/P1080649-113x150.jpg 113w, https:\/\/readingdeleuzeinindia.org\/wp-content\/uploads\/2025\/08\/P1080649-768x1023.jpg 768w, https:\/\/readingdeleuzeinindia.org\/wp-content\/uploads\/2025\/08\/P1080649-1153x1536.jpg 1153w, https:\/\/readingdeleuzeinindia.org\/wp-content\/uploads\/2025\/08\/P1080649-1538x2048.jpg 1538w, https:\/\/readingdeleuzeinindia.org\/wp-content\/uploads\/2025\/08\/P1080649-600x799.jpg 600w, https:\/\/readingdeleuzeinindia.org\/wp-content\/uploads\/2025\/08\/P1080649-scaled.jpg 1442w\" sizes=\"(max-width: 375px) 100vw, 375px\" \/> <img loading=\"lazy\" decoding=\"async\"  class=\"alignnone size-medium wp-image-5095\" src=\"https:\/\/readingdeleuzeinindia.org\/wp-content\/uploads\/2025\/08\/P1080561-375x500.jpg\" alt=\"\" width=\"375\" height=\"500\" srcset=\"https:\/\/readingdeleuzeinindia.org\/wp-content\/uploads\/2025\/08\/P1080561-375x500.jpg 375w, https:\/\/readingdeleuzeinindia.org\/wp-content\/uploads\/2025\/08\/P1080561-1144x1524.jpg 1144w, https:\/\/readingdeleuzeinindia.org\/wp-content\/uploads\/2025\/08\/P1080561-113x150.jpg 113w, https:\/\/readingdeleuzeinindia.org\/wp-content\/uploads\/2025\/08\/P1080561-768x1023.jpg 768w, https:\/\/readingdeleuzeinindia.org\/wp-content\/uploads\/2025\/08\/P1080561-1153x1536.jpg 1153w, https:\/\/readingdeleuzeinindia.org\/wp-content\/uploads\/2025\/08\/P1080561-1538x2048.jpg 1538w, https:\/\/readingdeleuzeinindia.org\/wp-content\/uploads\/2025\/08\/P1080561-600x799.jpg 600w, https:\/\/readingdeleuzeinindia.org\/wp-content\/uploads\/2025\/08\/P1080561-scaled.jpg 1442w\" sizes=\"(max-width: 375px) 100vw, 375px\" \/> <img loading=\"lazy\" decoding=\"async\"  class=\"alignnone size-medium wp-image-5098\" src=\"https:\/\/readingdeleuzeinindia.org\/wp-content\/uploads\/2025\/08\/P1080584-353x500.jpg\" alt=\"\" width=\"353\" height=\"500\" srcset=\"https:\/\/readingdeleuzeinindia.org\/wp-content\/uploads\/2025\/08\/P1080584-353x500.jpg 353w, https:\/\/readingdeleuzeinindia.org\/wp-content\/uploads\/2025\/08\/P1080584-1076x1524.jpg 1076w, https:\/\/readingdeleuzeinindia.org\/wp-content\/uploads\/2025\/08\/P1080584-106x150.jpg 106w, https:\/\/readingdeleuzeinindia.org\/wp-content\/uploads\/2025\/08\/P1080584-768x1088.jpg 768w, https:\/\/readingdeleuzeinindia.org\/wp-content\/uploads\/2025\/08\/P1080584-1084x1536.jpg 1084w, https:\/\/readingdeleuzeinindia.org\/wp-content\/uploads\/2025\/08\/P1080584-1445x2048.jpg 1445w, https:\/\/readingdeleuzeinindia.org\/wp-content\/uploads\/2025\/08\/P1080584-600x850.jpg 600w, https:\/\/readingdeleuzeinindia.org\/wp-content\/uploads\/2025\/08\/P1080584-scaled.jpg 1355w\" sizes=\"(max-width: 353px) 100vw, 353px\" \/><\/p>","protected":false},"excerpt":{"rendered":"<p>Christoph Kl\u00fctsch ist Kunstphilosoph, Kulturhistoriker und P\u00e4dagoge, dessen Lebenswerk in der Verkn\u00fcpfung von kritischer Theorie, kreativer Praxis und kontemplativem Bewusstsein besteht. In den letzten zwei Jahrzehnten hat er in Europa, Indien und den Vereinigten Staaten gelehrt, geforscht und kuratiert und dabei moderne und zeitgen\u00f6ssische Kunst, deleuzianische Philosophie, Medientheorie und globale kulturelle Traditionen zusammengebracht. Als Gr\u00fcnder [&hellip;]<\/p>\n","protected":false},"author":1,"featured_media":0,"parent":0,"menu_order":0,"comment_status":"closed","ping_status":"closed","template":"","meta":{"_editorskit_title_hidden":false,"_editorskit_reading_time":0,"_editorskit_is_block_options_detached":false,"_editorskit_block_options_position":"{}","footnotes":""},"class_list":["post-5094","page","type-page","status-publish","hentry"],"_links":{"self":[{"href":"https:\/\/readingdeleuzeinindia.org\/zh\/wp-json\/wp\/v2\/pages\/5094","targetHints":{"allow":["GET"]}}],"collection":[{"href":"https:\/\/readingdeleuzeinindia.org\/zh\/wp-json\/wp\/v2\/pages"}],"about":[{"href":"https:\/\/readingdeleuzeinindia.org\/zh\/wp-json\/wp\/v2\/types\/page"}],"author":[{"embeddable":true,"href":"https:\/\/readingdeleuzeinindia.org\/zh\/wp-json\/wp\/v2\/users\/1"}],"replies":[{"embeddable":true,"href":"https:\/\/readingdeleuzeinindia.org\/zh\/wp-json\/wp\/v2\/comments?post=5094"}],"version-history":[{"count":2,"href":"https:\/\/readingdeleuzeinindia.org\/zh\/wp-json\/wp\/v2\/pages\/5094\/revisions"}],"predecessor-version":[{"id":5255,"href":"https:\/\/readingdeleuzeinindia.org\/zh\/wp-json\/wp\/v2\/pages\/5094\/revisions\/5255"}],"wp:attachment":[{"href":"https:\/\/readingdeleuzeinindia.org\/zh\/wp-json\/wp\/v2\/media?parent=5094"}],"curies":[{"name":"wp","href":"https:\/\/api.w.org\/{rel}","templated":true}]}}