{"id":1798,"date":"2022-08-28T07:54:49","date_gmt":"2022-08-28T07:54:49","guid":{"rendered":"https:\/\/readingdeleuzeinindia.org\/portfolio\/"},"modified":"2022-11-27T20:13:02","modified_gmt":"2022-11-27T16:13:02","slug":"impressum","status":"publish","type":"page","link":"https:\/\/readingdeleuzeinindia.org\/zh\/impressum\/","title":{"rendered":"\u7248\u672c\u8bf4\u660e"},"content":{"rendered":"<p>\u7b2c 5 TMG \u6761\u89c4\u5b9a\u7684\u4fe1\u606f<\/p>\r\n\r\n<div class=\"impressum\">\r\n<p>\u514b\u91cc\u65af\u6258\u592b-\u514b\u5415\u8328<br \/>\u4e2d\u5fc3\u83f2\u5c14\u5fb7\u5bbe\u9986<br \/>605101 \u6cf0\u7c73\u5c14\u7eb3\u5fb7\u90a6\u5965\u7f57\u7ef4\u5c14<br \/>\u5370\u5ea6<\/p>\r\n<p><strong>\u8054\u7cfb\u65b9\u5f0f<\/strong> <br \/>\u7535\u8bdd\uff1a+91 99206 61820<br \/>\u7535\u5b50\u90ae\u4ef6\uff1a info@readingdeleuzeinindia.org<\/p>\r\n<p><strong>\u514d\u8d23\u58f0\u660e <\/strong><br \/><br \/><strong>\u5185\u5bb9\u8d23\u4efb<\/strong><br \/><br \/>\u6211\u4eec\u5728\u521b\u5efa\u7f51\u7ad9\u5185\u5bb9\u65f6\u975e\u5e38\u8c28\u614e\u3002\u4f46\u662f\uff0c\u6211\u4eec\u5bf9\u5185\u5bb9\u7684\u51c6\u786e\u6027\u3001\u5b8c\u6574\u6027\u548c\u65f6\u4e8b\u6027\u4e0d\u627f\u62c5\u4efb\u4f55\u8d23\u4efb\u3002\u4f5c\u4e3a\u670d\u52a1\u63d0\u4f9b\u5546\uff0c\u6839\u636e\u300a\u5fb7\u56fd\u7535\u4fe1\u5a92\u4f53\u6cd5\u300b\uff08TMG\uff09\u7b2c 7 \u6761\u7b2c 1 \u6b3e\u548c\u4e00\u822c\u6cd5\u5f8b\uff0c\u6211\u4eec\u5bf9\u7f51\u9875\u4e0a\u7684\u5185\u5bb9\u8d1f\u8d23\u3002\u4f46\u662f\uff0c\u6839\u636e\u300a\u5fb7\u56fd\u7535\u4fe1\u5a92\u4f53\u6cd5\u300b\u7b2c 8 \u81f3 10 \u6761\uff0c\u4f5c\u4e3a\u670d\u52a1\u63d0\u4f9b\u5546\uff0c\u6211\u4eec\u6ca1\u6709\u4e49\u52a1\u76d1\u63a7\u4f20\u8f93\u6216\u5b58\u50a8\u7684\u7b2c\u4e09\u65b9\u4fe1\u606f\uff0c\u4e5f\u6ca1\u6709\u4e49\u52a1\u8c03\u67e5\u8868\u660e\u5b58\u5728\u975e\u6cd5\u6d3b\u52a8\u7684\u60c5\u51b5\u3002\u6839\u636e\u4e00\u822c\u6cd5\u5f8b\u5220\u9664\u6216\u963b\u6b62\u4f7f\u7528\u4fe1\u606f\u7684\u4e49\u52a1\u4e0d\u53d7\u6b64\u5f71\u54cd\u3002\u4f46\u662f\uff0c\u8fd9\u65b9\u9762\u7684\u8d23\u4efb\u53ea\u6709\u5728\u77e5\u9053\u5177\u4f53\u4fb5\u6743\u884c\u4e3a\u65f6\u624d\u6709\u53ef\u80fd\u627f\u62c5\u3002\u4e00\u65e6\u53d1\u73b0\u6b64\u7c7b\u4fb5\u6743\u884c\u4e3a\uff0c\u6211\u4eec\u5c06\u7acb\u5373\u5220\u9664\u76f8\u5173\u5185\u5bb9\u3002<br \/><br \/><strong>\u94fe\u63a5\u8d23\u4efb<\/strong><br \/><br \/>\u6211\u4eec\u7684\u7f51\u7ad9\u5305\u542b\u5916\u90e8\u7b2c\u4e09\u65b9\u7f51\u7ad9\u7684\u94fe\u63a5\uff0c\u6211\u4eec\u5bf9\u8fd9\u4e9b\u7f51\u7ad9\u7684\u5185\u5bb9\u6ca1\u6709\u5f71\u54cd\u529b\u3002\u56e0\u6b64\uff0c\u6211\u4eec\u4e0d\u5bf9\u7b2c\u4e09\u65b9\u5185\u5bb9\u627f\u62c5\u4efb\u4f55\u8d23\u4efb\u3002\u7f51\u9875\u63d0\u4f9b\u8005\u6216\u7ecf\u8425\u8005\u59cb\u7ec8\u5bf9\u94fe\u63a5\u7f51\u9875\u7684\u5185\u5bb9\u8d1f\u8d23\u3002\u5728\u94fe\u63a5\u65f6\uff0c\u6211\u4eec\u5bf9\u6240\u94fe\u63a5\u7684\u7f51\u9875\u8fdb\u884c\u4e86\u68c0\u67e5\uff0c\u4ee5\u786e\u5b9a\u662f\u5426\u5b58\u5728\u8fdd\u6cd5\u884c\u4e3a\u3002\u94fe\u63a5\u65f6\u65e0\u6cd5\u8bc6\u522b\u975e\u6cd5\u5185\u5bb9\u3002\u4f46\u662f\uff0c\u5982\u679c\u6ca1\u6709\u5177\u4f53\u7684\u4fb5\u6743\u8bc1\u636e\uff0c\u5bf9\u6240\u94fe\u63a5\u7f51\u9875\u5185\u5bb9\u7684\u957f\u671f\u76d1\u63a7\u662f\u4e0d\u5408\u7406\u7684\u3002\u5982\u679c\u6211\u4eec\u53d1\u73b0\u4efb\u4f55\u8fdd\u6cd5\u884c\u4e3a\uff0c\u6211\u4eec\u5c06\u7acb\u5373\u5220\u9664\u8fd9\u4e9b\u94fe\u63a5\u3002<br \/><br \/><strong>\u7248\u6743<\/strong><br \/><br \/>\u7f51\u7ad9\u8fd0\u8425\u5546\u5728\u8fd9\u4e9b\u7f51\u9875\u4e0a\u521b\u4f5c\u7684\u5185\u5bb9\u548c\u4f5c\u54c1\u53d7\u5fb7\u56fd\u7248\u6743\u6cd5\u4fdd\u62a4\u3002\u590d\u5236\u3001\u52a0\u5de5\u3001\u5206\u53d1\u4ee5\u53ca\u4efb\u4f55\u8d85\u51fa\u7248\u6743\u6cd5\u8303\u56f4\u7684\u4f7f\u7528\u5747\u9700\u5f97\u5230\u76f8\u5173\u4f5c\u8005\u6216\u521b\u4f5c\u8005\u7684\u4e66\u9762\u540c\u610f\u3002\u672c\u7f51\u7ad9\u7684\u4e0b\u8f7d\u548c\u62f7\u8d1d\u53ea\u80fd\u7528\u4e8e\u79c1\u4eba\u548c\u975e\u5546\u4e1a\u7528\u9014\u3002\u5982\u679c\u672c\u7f51\u7ad9\u7684\u5185\u5bb9\u5e76\u975e\u7531\u8fd0\u8425\u5546\u521b\u5efa\uff0c\u5219\u5e94\u5c0a\u91cd\u7b2c\u4e09\u65b9\u7684\u7248\u6743\u3002\u7279\u522b\u662f\uff0c\u7b2c\u4e09\u65b9\u5185\u5bb9\u4f1a\u88ab\u6807\u6ce8\u4e3a\u7b2c\u4e09\u65b9\u5185\u5bb9\u3002\u5982\u679c\u60a8\u53d1\u73b0\u6709\u4fb5\u72af\u7248\u6743\u7684\u60c5\u51b5\uff0c\u8bf7\u53ca\u65f6\u901a\u77e5\u6211\u4eec\u3002\u5982\u679c\u6211\u4eec\u53d1\u73b0\u4efb\u4f55\u4fb5\u6743\u884c\u4e3a\uff0c\u6211\u4eec\u5c06\u7acb\u5373\u5220\u9664\u8fd9\u4e9b\u5185\u5bb9\u3002<br \/><br \/><strong>\u6570\u636e\u4fdd\u62a4<\/strong><br \/><br \/>\u4f7f\u7528\u6211\u4eec\u7684\u7f51\u7ad9\u4e00\u822c\u65e0\u9700\u63d0\u4f9b\u4e2a\u4eba\u6570\u636e\u3002\u5982\u679c\u6211\u4eec\u5728\u7f51\u7ad9\u4e0a\u6536\u96c6\u4e2a\u4eba\u6570\u636e\uff08\u5982\u59d3\u540d\u3001\u5730\u5740\u6216\u7535\u5b50\u90ae\u4ef6\u5730\u5740\uff09\uff0c\u5c06\u5c3d\u53ef\u80fd\u5728\u81ea\u613f\u7684\u57fa\u7840\u4e0a\u8fdb\u884c\u3002\u672a\u7ecf\u60a8\u7684\u660e\u786e\u540c\u610f\uff0c\u6211\u4eec\u4e0d\u4f1a\u5c06\u8fd9\u4e9b\u6570\u636e\u63d0\u4f9b\u7ed9\u7b2c\u4e09\u65b9\u3002 <br \/>\u6211\u4eec\u8981\u6307\u51fa\u7684\u662f\uff0c\u901a\u8fc7\u4e92\u8054\u7f51\u4f20\u8f93\u6570\u636e\uff08\u5982\u901a\u8fc7\u7535\u5b50\u90ae\u4ef6\u901a\u4fe1\uff09\u53ef\u80fd\u5b58\u5728\u5b89\u5168\u6f0f\u6d1e\u3002\u5b8c\u5168\u9632\u6b62\u6570\u636e\u88ab\u7b2c\u4e09\u65b9\u8bbf\u95ee\u662f\u4e0d\u53ef\u80fd\u7684\u3002 <br \/>\u6211\u4eec\u5728\u6b64\u660e\u786e\u7981\u6b62\u7b2c\u4e09\u65b9\u4f7f\u7528\u5728\u5370\u8bb0\u4e49\u52a1\u8303\u56f4\u5185\u516c\u5e03\u7684\u8054\u7cfb\u6570\u636e\u53d1\u9001\u672a\u7ecf\u8bf7\u6c42\u7684\u5e7f\u544a\u548c\u4fe1\u606f\u8d44\u6599\u3002\u672c\u7f51\u7ad9\u8fd0\u8425\u5546\u660e\u786e\u4fdd\u7559\u5bf9\u672a\u7ecf\u8bf7\u6c42\u53d1\u9001\u5e7f\u544a\u4fe1\u606f\uff08\u5982\u5783\u573e\u90ae\u4ef6\uff09\u7684\u884c\u4e3a\u91c7\u53d6\u6cd5\u5f8b\u884c\u52a8\u7684\u6743\u5229\u3002<br \/><br \/><br \/><strong>\u8c37\u6b4c\u5206\u6790<\/strong><br \/><br \/>\u672c\u7f51\u7ad9\u4f7f\u7528\u8c37\u6b4c\u516c\u53f8\uff08\"\u8c37\u6b4c\"\uff09\u63d0\u4f9b\u7684\u7f51\u7edc\u5206\u6790\u670d\u52a1 \"\u8c37\u6b4c\u5206\u6790\"\u3002\u8c37\u6b4c\u5206\u6790\u4f7f\u7528 \"cookies\"\uff0c\u5373\u653e\u7f6e\u5728\u60a8\u7535\u8111\u4e0a\u7684\u6587\u672c\u6587\u4ef6\uff0c\u5e2e\u52a9\u7f51\u7ad9\u5206\u6790\u7528\u6237\u5982\u4f55\u4f7f\u7528\u7f51\u7ad9\u3002Cookie \u751f\u6210\u7684\u6709\u5173\u60a8\u4f7f\u7528\u7f51\u7ad9\u7684\u4fe1\u606f\uff08\u5305\u62ec\u60a8\u7684 IP \u5730\u5740\uff09\u5c06\u88ab\u4f20\u9001\u5230\u8c37\u6b4c\u5728\u7f8e\u56fd\u7684\u670d\u52a1\u5668\u4e0a\u5e76\u7531\u5176\u5b58\u50a8\u3002\u8c37\u6b4c\u5c06\u628a\u8fd9\u4e9b\u4fe1\u606f\u7528\u4e8e\u5206\u6790\u60a8\u5bf9\u7f51\u7ad9\u7684\u4f7f\u7528\u60c5\u51b5\uff0c\u4e3a\u7f51\u7ad9\u8fd0\u8425\u5546\u7f16\u5236\u7f51\u7ad9\u6d3b\u52a8\u62a5\u544a\uff0c\u4ee5\u53ca\u63d0\u4f9b\u4e0e\u7f51\u7ad9\u6d3b\u52a8\u548c\u4e92\u8054\u7f51\u4f7f\u7528\u76f8\u5173\u7684\u5176\u4ed6\u670d\u52a1\u3002\u5728\u6cd5\u5f8b\u8981\u6c42\u7684\u60c5\u51b5\u4e0b\uff0c\u6216\u5728\u7b2c\u4e09\u65b9\u4ee3\u8868\u8c37\u6b4c\u5904\u7406\u4fe1\u606f\u7684\u60c5\u51b5\u4e0b\uff0c\u8c37\u6b4c\u4e5f\u53ef\u80fd\u5c06\u8fd9\u4e9b\u4fe1\u606f\u8f6c\u8ba9\u7ed9\u7b2c\u4e09\u65b9\u3002\u8c37\u6b4c\u4e0d\u4f1a\u5c06\u60a8\u7684 IP \u5730\u5740\u4e0e\u8c37\u6b4c\u6301\u6709\u7684\u4efb\u4f55\u5176\u4ed6\u6570\u636e\u76f8\u5173\u8054\u3002\u60a8\u53ef\u4ee5\u901a\u8fc7\u5728\u6d4f\u89c8\u5668\u4e0a\u9009\u62e9\u9002\u5f53\u7684\u8bbe\u7f6e\u6765\u62d2\u7edd\u4f7f\u7528 cookie\uff0c\u4f46\u8bf7\u6ce8\u610f\uff0c\u5982\u679c\u8fd9\u6837\u505a\uff0c\u60a8\u53ef\u80fd\u65e0\u6cd5\u4f7f\u7528\u672c\u7f51\u7ad9\u7684\u5168\u90e8\u529f\u80fd\u3002\u4f7f\u7528\u672c\u7f51\u7ad9\u5373\u8868\u793a\u60a8\u540c\u610f\u8c37\u6b4c\u4ee5\u4e0a\u8ff0\u65b9\u5f0f\u5e76\u51fa\u4e8e\u4e0a\u8ff0\u76ee\u7684\u5904\u7406\u60a8\u7684\u76f8\u5173\u6570\u636e\u3002<\/p>\r\n<br \/>\u7f51\u7ad9\u5370\u8bb0 <a href=\"https:\/\/www.impressum-generator.de\">imprint-generator.com<\/a><\/div>","protected":false},"excerpt":{"rendered":"<p>Angaben gem\u00e4\u00df \u00a7 5 TMG Christoph Kl\u00fctschCenterfield Guest House605101 Auroville, Tamil NaduIndien Kontakt: Telefon: \u202d+91 99206 61820\u202cE-Mail: info@readingdeleuzeinindia.org Haftungsausschluss: Haftung f\u00fcr Inhalte Die Inhalte unserer Seiten wurden mit gr\u00f6\u00dfter Sorgfalt erstellt. F\u00fcr die Richtigkeit, Vollst\u00e4ndigkeit und Aktualit\u00e4t der Inhalte k\u00f6nnen wir jedoch keine Gew\u00e4hr \u00fcbernehmen. Als Diensteanbieter sind wir gem\u00e4\u00df \u00a7 7 Abs.1 TMG f\u00fcr [&hellip;]<\/p>\n","protected":false},"author":1,"featured_media":0,"parent":0,"menu_order":0,"comment_status":"closed","ping_status":"closed","template":"","meta":{"_editorskit_title_hidden":false,"_editorskit_reading_time":0,"_editorskit_is_block_options_detached":false,"_editorskit_block_options_position":"{}","footnotes":""},"class_list":["post-1798","page","type-page","status-publish","hentry"],"_links":{"self":[{"href":"https:\/\/readingdeleuzeinindia.org\/zh\/wp-json\/wp\/v2\/pages\/1798","targetHints":{"allow":["GET"]}}],"collection":[{"href":"https:\/\/readingdeleuzeinindia.org\/zh\/wp-json\/wp\/v2\/pages"}],"about":[{"href":"https:\/\/readingdeleuzeinindia.org\/zh\/wp-json\/wp\/v2\/types\/page"}],"author":[{"embeddable":true,"href":"https:\/\/readingdeleuzeinindia.org\/zh\/wp-json\/wp\/v2\/users\/1"}],"replies":[{"embeddable":true,"href":"https:\/\/readingdeleuzeinindia.org\/zh\/wp-json\/wp\/v2\/comments?post=1798"}],"version-history":[{"count":2,"href":"https:\/\/readingdeleuzeinindia.org\/zh\/wp-json\/wp\/v2\/pages\/1798\/revisions"}],"predecessor-version":[{"id":2576,"href":"https:\/\/readingdeleuzeinindia.org\/zh\/wp-json\/wp\/v2\/pages\/1798\/revisions\/2576"}],"wp:attachment":[{"href":"https:\/\/readingdeleuzeinindia.org\/zh\/wp-json\/wp\/v2\/media?parent=1798"}],"curies":[{"name":"wp","href":"https:\/\/api.w.org\/{rel}","templated":true}]}}