{"id":5094,"date":"2025-08-09T22:17:04","date_gmt":"2025-08-09T16:47:04","guid":{"rendered":"https:\/\/readingdeleuzeinindia.org\/?page_id=5094"},"modified":"2025-08-12T08:35:56","modified_gmt":"2025-08-12T03:05:56","slug":"christoph-kluetsch-profile-for-an-art-and-meditation-center","status":"publish","type":"page","link":"https:\/\/readingdeleuzeinindia.org\/fr\/christoph-kluetsch-profile-for-an-art-and-meditation-center\/","title":{"rendered":"Christoph Kl\u00fctsch - Profil pour un centre d'art et de m\u00e9ditation"},"content":{"rendered":"<p>Christoph Kl\u00fctsch est un philosophe de l'art, un historien de la culture et un p\u00e9dagogue dont l'\u0153uvre de toute une vie consiste \u00e0 relier la th\u00e9orie critique, la pratique cr\u00e9ative et la conscience contemplative. Au cours des deux derni\u00e8res d\u00e9cennies, il a enseign\u00e9, men\u00e9 des recherches et organis\u00e9 des expositions en Europe, en Inde et aux \u00c9tats-Unis, r\u00e9unissant ainsi l'art moderne et contemporain, la philosophie deleuzienne, la th\u00e9orie des m\u00e9dias et les traditions culturelles mondiales.<\/p>\r\n\r\n\r\n\r\n<figure class=\"wp-block-image size-medium is-resized is-style-rounded\"><img loading=\"lazy\" decoding=\"async\"  width=\"300\" height=\"423\" class=\"wp-image-5105\" style=\"width: 300px;\" src=\"https:\/\/readingdeleuzeinindia.org\/wp-content\/uploads\/2025\/08\/P1080592-355x500.jpg\" alt=\"\" srcset=\"https:\/\/readingdeleuzeinindia.org\/wp-content\/uploads\/2025\/08\/P1080592-355x500.jpg 355w, https:\/\/readingdeleuzeinindia.org\/wp-content\/uploads\/2025\/08\/P1080592-1082x1524.jpg 1082w, https:\/\/readingdeleuzeinindia.org\/wp-content\/uploads\/2025\/08\/P1080592-107x150.jpg 107w, https:\/\/readingdeleuzeinindia.org\/wp-content\/uploads\/2025\/08\/P1080592-768x1081.jpg 768w, https:\/\/readingdeleuzeinindia.org\/wp-content\/uploads\/2025\/08\/P1080592-1091x1536.jpg 1091w, https:\/\/readingdeleuzeinindia.org\/wp-content\/uploads\/2025\/08\/P1080592-1454x2048.jpg 1454w, https:\/\/readingdeleuzeinindia.org\/wp-content\/uploads\/2025\/08\/P1080592-600x845.jpg 600w, https:\/\/readingdeleuzeinindia.org\/wp-content\/uploads\/2025\/08\/P1080592-scaled.jpg 1364w\" sizes=\"(max-width: 300px) 100vw, 300px\" \/><\/figure>\r\n\r\n\r\n\r\n<p>En tant que <strong>Fondateur de l'Acad\u00e9mie de Provence<\/strong> en France et ancien <strong>directeur acad\u00e9mique du Savannah College of Art and Design<\/strong> (SCAD) Lacoste, il a enseign\u00e9 \u00e0 des g\u00e9n\u00e9rations d'\u00e9tudiants et d'artistes dans des cours tels que Art et spiritualit\u00e9, Culture visuelle et Apr\u00e8s le postmodernisme. Ses travaux de recherche publi\u00e9s au niveau international - dont Computer Graphic : Aesthetic Experiments Between Two Cultures (Springer) - a explor\u00e9 la fronti\u00e8re entre l'art, la technologie et la pens\u00e9e, et sa direction de projets culturels europ\u00e9ens prim\u00e9s t\u00e9moigne de sa capacit\u00e9 \u00e0 transformer des visions en r\u00e9alit\u00e9.<\/p>\r\n<p>Ces derni\u00e8res ann\u00e9es, le travail de Christophe s'est concentr\u00e9 sur le <em>Rencontre de formes de savoir orientales et occidentales<\/em> se concentre sur la pratique. Dans ses \u00e9crits - comme Reading Deleuze in India - il explore comment les id\u00e9es philosophiques peuvent vivre dans la pratique : comment la musique, les gestes, la lumi\u00e8re et le silence peuvent incarner les concepts de devenir, de multiplicit\u00e9 et d'immanence. Des contributions inspir\u00e9es de son s\u00e9jour en Inde r\u00e9fl\u00e9chissent sur la salutation Namaste comme reconnaissance de la lumi\u00e8re int\u00e9rieure, sur le raga comme architecture temporelle de l'\u00e2me et sur la vision de Sri Aurobindo de la conscience dans l'\u00e9volution. Ces r\u00e9flexions sugg\u00e8rent un art qui n'est pas s\u00e9par\u00e9 de la vie, mais qui fait partie d'une pratique int\u00e9rieure de transformation.<\/p>\r\n<p>Son <strong>projet de centre d'art et de m\u00e9ditation<\/strong> - dans les paysages m\u00e9ditatifs de l'Inde ou dans les paysages intemporels de la Provence - sera un lieu o\u00f9 les artistes, les philosophes et les chercheurs pourront se rencontrer et faire des recherches ensemble. Il proposera des s\u00e9jours, des ateliers et des retraites silencieuses, o\u00f9 l'atelier deviendra un espace de m\u00e9ditation et l'espace de m\u00e9ditation un atelier. Partant de la conviction que l'expression cr\u00e9ative et la pratique spirituelle sont deux aspects d'un m\u00eame mouvement, le centre cultivera \u00e0 la fois l'esprit critique et l'ouverture du c\u0153ur.<\/p>\r\n<p>Christoph parle couramment l'allemand, l'anglais et le fran\u00e7ais et poss\u00e8de une exp\u00e9rience de travail avec d'autres cultures, ce qui le pr\u00e9destine \u00e0 diriger un tel centre. Son parcours, qui englobe l'histoire de l'art, l'innovation m\u00e9diatique, le dialogue interculturel et la philosophie contemplative, incarne exactement la synth\u00e8se que ce centre va promouvoir : un lieu o\u00f9 la pens\u00e9e et l'\u00eatre, l'art et l'esprit se rejoignent.<\/p>\r\n\r\n\r\n\r\n<p><img loading=\"lazy\" decoding=\"async\"  class=\"alignnone size-medium wp-image-5103\" src=\"https:\/\/readingdeleuzeinindia.org\/wp-content\/uploads\/2025\/08\/P1080569-500x463.jpg\" alt=\"\" width=\"500\" height=\"463\" srcset=\"https:\/\/readingdeleuzeinindia.org\/wp-content\/uploads\/2025\/08\/P1080569-500x463.jpg 500w, https:\/\/readingdeleuzeinindia.org\/wp-content\/uploads\/2025\/08\/P1080569-1524x1410.jpg 1524w, https:\/\/readingdeleuzeinindia.org\/wp-content\/uploads\/2025\/08\/P1080569-150x139.jpg 150w, https:\/\/readingdeleuzeinindia.org\/wp-content\/uploads\/2025\/08\/P1080569-768x711.jpg 768w, https:\/\/readingdeleuzeinindia.org\/wp-content\/uploads\/2025\/08\/P1080569-1536x1421.jpg 1536w, https:\/\/readingdeleuzeinindia.org\/wp-content\/uploads\/2025\/08\/P1080569-2048x1895.jpg 2048w, https:\/\/readingdeleuzeinindia.org\/wp-content\/uploads\/2025\/08\/P1080569-600x555.jpg 600w, https:\/\/readingdeleuzeinindia.org\/wp-content\/uploads\/2025\/08\/P1080569-scaled.jpg 1920w\" sizes=\"(max-width: 500px) 100vw, 500px\" \/> <img loading=\"lazy\" decoding=\"async\"  class=\"alignnone size-medium wp-image-5110\" src=\"https:\/\/readingdeleuzeinindia.org\/wp-content\/uploads\/2025\/08\/P1080649-375x500.jpg\" alt=\"\" width=\"375\" height=\"500\" srcset=\"https:\/\/readingdeleuzeinindia.org\/wp-content\/uploads\/2025\/08\/P1080649-375x500.jpg 375w, https:\/\/readingdeleuzeinindia.org\/wp-content\/uploads\/2025\/08\/P1080649-1144x1524.jpg 1144w, https:\/\/readingdeleuzeinindia.org\/wp-content\/uploads\/2025\/08\/P1080649-113x150.jpg 113w, https:\/\/readingdeleuzeinindia.org\/wp-content\/uploads\/2025\/08\/P1080649-768x1023.jpg 768w, https:\/\/readingdeleuzeinindia.org\/wp-content\/uploads\/2025\/08\/P1080649-1153x1536.jpg 1153w, https:\/\/readingdeleuzeinindia.org\/wp-content\/uploads\/2025\/08\/P1080649-1538x2048.jpg 1538w, https:\/\/readingdeleuzeinindia.org\/wp-content\/uploads\/2025\/08\/P1080649-600x799.jpg 600w, https:\/\/readingdeleuzeinindia.org\/wp-content\/uploads\/2025\/08\/P1080649-scaled.jpg 1442w\" sizes=\"(max-width: 375px) 100vw, 375px\" \/> <img loading=\"lazy\" decoding=\"async\"  class=\"alignnone size-medium wp-image-5095\" src=\"https:\/\/readingdeleuzeinindia.org\/wp-content\/uploads\/2025\/08\/P1080561-375x500.jpg\" alt=\"\" width=\"375\" height=\"500\" srcset=\"https:\/\/readingdeleuzeinindia.org\/wp-content\/uploads\/2025\/08\/P1080561-375x500.jpg 375w, https:\/\/readingdeleuzeinindia.org\/wp-content\/uploads\/2025\/08\/P1080561-1144x1524.jpg 1144w, https:\/\/readingdeleuzeinindia.org\/wp-content\/uploads\/2025\/08\/P1080561-113x150.jpg 113w, https:\/\/readingdeleuzeinindia.org\/wp-content\/uploads\/2025\/08\/P1080561-768x1023.jpg 768w, https:\/\/readingdeleuzeinindia.org\/wp-content\/uploads\/2025\/08\/P1080561-1153x1536.jpg 1153w, https:\/\/readingdeleuzeinindia.org\/wp-content\/uploads\/2025\/08\/P1080561-1538x2048.jpg 1538w, https:\/\/readingdeleuzeinindia.org\/wp-content\/uploads\/2025\/08\/P1080561-600x799.jpg 600w, https:\/\/readingdeleuzeinindia.org\/wp-content\/uploads\/2025\/08\/P1080561-scaled.jpg 1442w\" sizes=\"(max-width: 375px) 100vw, 375px\" \/> <img loading=\"lazy\" decoding=\"async\"  class=\"alignnone size-medium wp-image-5098\" src=\"https:\/\/readingdeleuzeinindia.org\/wp-content\/uploads\/2025\/08\/P1080584-353x500.jpg\" alt=\"\" width=\"353\" height=\"500\" srcset=\"https:\/\/readingdeleuzeinindia.org\/wp-content\/uploads\/2025\/08\/P1080584-353x500.jpg 353w, https:\/\/readingdeleuzeinindia.org\/wp-content\/uploads\/2025\/08\/P1080584-1076x1524.jpg 1076w, https:\/\/readingdeleuzeinindia.org\/wp-content\/uploads\/2025\/08\/P1080584-106x150.jpg 106w, https:\/\/readingdeleuzeinindia.org\/wp-content\/uploads\/2025\/08\/P1080584-768x1088.jpg 768w, https:\/\/readingdeleuzeinindia.org\/wp-content\/uploads\/2025\/08\/P1080584-1084x1536.jpg 1084w, https:\/\/readingdeleuzeinindia.org\/wp-content\/uploads\/2025\/08\/P1080584-1445x2048.jpg 1445w, https:\/\/readingdeleuzeinindia.org\/wp-content\/uploads\/2025\/08\/P1080584-600x850.jpg 600w, https:\/\/readingdeleuzeinindia.org\/wp-content\/uploads\/2025\/08\/P1080584-scaled.jpg 1355w\" sizes=\"(max-width: 353px) 100vw, 353px\" \/><\/p>","protected":false},"excerpt":{"rendered":"<p>Christoph Kl\u00fctsch ist Kunstphilosoph, Kulturhistoriker und P\u00e4dagoge, dessen Lebenswerk in der Verkn\u00fcpfung von kritischer Theorie, kreativer Praxis und kontemplativem Bewusstsein besteht. In den letzten zwei Jahrzehnten hat er in Europa, Indien und den Vereinigten Staaten gelehrt, geforscht und kuratiert und dabei moderne und zeitgen\u00f6ssische Kunst, deleuzianische Philosophie, Medientheorie und globale kulturelle Traditionen zusammengebracht. Als Gr\u00fcnder [&hellip;]<\/p>\n","protected":false},"author":1,"featured_media":0,"parent":0,"menu_order":0,"comment_status":"closed","ping_status":"closed","template":"","meta":{"_editorskit_title_hidden":false,"_editorskit_reading_time":0,"_editorskit_is_block_options_detached":false,"_editorskit_block_options_position":"{}","footnotes":""},"class_list":["post-5094","page","type-page","status-publish","hentry"],"_links":{"self":[{"href":"https:\/\/readingdeleuzeinindia.org\/fr\/wp-json\/wp\/v2\/pages\/5094","targetHints":{"allow":["GET"]}}],"collection":[{"href":"https:\/\/readingdeleuzeinindia.org\/fr\/wp-json\/wp\/v2\/pages"}],"about":[{"href":"https:\/\/readingdeleuzeinindia.org\/fr\/wp-json\/wp\/v2\/types\/page"}],"author":[{"embeddable":true,"href":"https:\/\/readingdeleuzeinindia.org\/fr\/wp-json\/wp\/v2\/users\/1"}],"replies":[{"embeddable":true,"href":"https:\/\/readingdeleuzeinindia.org\/fr\/wp-json\/wp\/v2\/comments?post=5094"}],"version-history":[{"count":2,"href":"https:\/\/readingdeleuzeinindia.org\/fr\/wp-json\/wp\/v2\/pages\/5094\/revisions"}],"predecessor-version":[{"id":5255,"href":"https:\/\/readingdeleuzeinindia.org\/fr\/wp-json\/wp\/v2\/pages\/5094\/revisions\/5255"}],"wp:attachment":[{"href":"https:\/\/readingdeleuzeinindia.org\/fr\/wp-json\/wp\/v2\/media?parent=5094"}],"curies":[{"name":"wp","href":"https:\/\/api.w.org\/{rel}","templated":true}]}}