{"id":4455,"date":"2023-08-18T22:11:12","date_gmt":"2023-08-18T16:41:12","guid":{"rendered":"https:\/\/readingdeleuzeinindia.org\/?page_id=4455"},"modified":"2023-08-18T22:11:12","modified_gmt":"2023-08-18T16:41:12","slug":"impressum-2","status":"publish","type":"page","link":"https:\/\/readingdeleuzeinindia.org\/fr\/impressum-2\/","title":{"rendered":"Mentions l\u00e9gales"},"content":{"rendered":"<p>Information selon le \u00a7 5 TMG<\/p>\n<p>Christoph Kl\u00fctsch<br \/>\nCenterfield Guest House<br \/>\n605101 Auroville, Tamil Nadu<br \/>\nIndia<\/p>\n<p>Contact :<br \/>\nT\u00e9l\u00e9phone : +91 99206 61820<br \/>\nCourrier \u00e9lectronique : info@readingdeleuzeinindia.org<\/p>\n<p>Clause de non-responsabilit\u00e9 :<\/p>\n<p>Responsabilit\u00e9 pour le contenu<\/p>\n<p>Le contenu de nos pages a \u00e9t\u00e9 \u00e9labor\u00e9 avec le plus grand soin. Toutefois, nous ne pouvons garantir l'exactitude, l'exhaustivit\u00e9 et l'actualit\u00e9 du contenu. En tant que fournisseur de services, nous sommes responsables de notre propre contenu sur ces pages conform\u00e9ment \u00e0 l'article 7, paragraphe 1, de la loi allemande sur les t\u00e9l\u00e9m\u00e9dias (TMG), en vertu des lois g\u00e9n\u00e9rales. Toutefois, conform\u00e9ment aux \u00a7\u00a7 8 \u00e0 10 de la TMG, nous ne sommes pas tenus, en tant que fournisseur de services, de surveiller les informations transmises ou stock\u00e9es par des tiers ou d'enqu\u00eater sur des circonstances indiquant des activit\u00e9s ill\u00e9gales. Les obligations de supprimer ou de bloquer l'utilisation d'informations en vertu des lois g\u00e9n\u00e9rales ne sont pas affect\u00e9es. Toutefois, la responsabilit\u00e9 \u00e0 cet \u00e9gard ne peut \u00eatre engag\u00e9e qu'\u00e0 partir du moment o\u00f9 une infraction concr\u00e8te \u00e0 la loi est connue. Si nous prenons connaissance d'une telle violation, nous supprimerons imm\u00e9diatement le contenu concern\u00e9.<\/p>\n<p>Responsabilit\u00e9 pour les liens<\/p>\n<p>Notre offre contient des liens vers des sites web externes de tiers, sur lesquels nous n'avons aucune influence. Par cons\u00e9quent, nous ne pouvons assumer aucune responsabilit\u00e9 pour ces contenus externes. Le fournisseur ou l'op\u00e9rateur respectif des pages est toujours responsable du contenu des pages li\u00e9es. Les pages li\u00e9es ont \u00e9t\u00e9 contr\u00f4l\u00e9es quant \u00e0 d'\u00e9ventuelles violations l\u00e9gales au moment de la cr\u00e9ation du lien. Les contenus ill\u00e9gaux n'\u00e9taient pas reconnaissables au moment de la cr\u00e9ation du lien. Toutefois, un contr\u00f4le permanent du contenu des pages li\u00e9es n'est pas raisonnable sans preuve concr\u00e8te d'une violation de la loi. Si nous prenons connaissance d'une quelconque infraction, nous supprimerons imm\u00e9diatement les liens en question.<\/p>\n<p>Copyright<\/p>\n<p>Le contenu et les \u0153uvres cr\u00e9\u00e9s par les exploitants du site sur ces pages sont soumis \u00e0 la l\u00e9gislation allemande sur les droits d'auteur. La duplication, le traitement, la distribution ou toute forme de commercialisation de ce mat\u00e9riel au-del\u00e0 du champ d'application de la loi sur les droits d'auteur n\u00e9cessitent l'accord \u00e9crit pr\u00e9alable de l'auteur ou du cr\u00e9ateur respectif. Les t\u00e9l\u00e9chargements et copies de ce site ne sont autoris\u00e9s que pour un usage priv\u00e9 et non commercial. Dans la mesure o\u00f9 le contenu de ce site n'a pas \u00e9t\u00e9 cr\u00e9\u00e9 par l'op\u00e9rateur, les droits d'auteur de tiers sont respect\u00e9s. En particulier, les contenus de tiers sont identifi\u00e9s comme tels. Si toutefois vous constatez une violation des droits d'auteur, veuillez nous en informer. Si nous prenons connaissance d'une telle violation, nous supprimerons imm\u00e9diatement le contenu en question.<\/p>\n<p>Protection des donn\u00e9es<\/p>\n<p>L'utilisation de notre site web est g\u00e9n\u00e9ralement possible sans fournir de donn\u00e9es personnelles. Dans la mesure o\u00f9 des donn\u00e9es personnelles (telles que le nom, l'adresse ou l'adresse e-mail) sont collect\u00e9es sur nos pages, cela se fait, dans la mesure du possible, sur une base volontaire. Ces donn\u00e9es ne seront pas transmises \u00e0 des tiers sans votre consentement expr\u00e8s.<br \/>\nNous soulignons que la transmission de donn\u00e9es via Internet (par exemple la communication par e-mail) pr\u00e9sente des lacunes en mati\u00e8re de s\u00e9curit\u00e9. Une protection totale des donn\u00e9es contre l'acc\u00e8s par des tiers n'est pas possible.<br \/>\nL'utilisation par des tiers des donn\u00e9es de contact publi\u00e9es dans le cadre de l'obligation d'impression \u00e0 des fins d'envoi de mat\u00e9riel publicitaire et d'information non sollicit\u00e9 est express\u00e9ment interdite. Les exploitants des pages se r\u00e9servent express\u00e9ment le droit d'engager des poursuites judiciaires en cas d'envoi non sollicit\u00e9 d'informations publicitaires, par exemple par le biais de spams.<\/p>\n<p>Google Analytics<\/p>\n<p>Ce site web utilise Google Analytics, un service d'analyse web fourni par Google, Inc (\"Google\"). Google Analytics utilise des \"cookies\", qui sont des fichiers texte plac\u00e9s sur votre ordinateur, pour aider le site web \u00e0 analyser la fa\u00e7on dont les utilisateurs utilisent le site. Les informations g\u00e9n\u00e9r\u00e9es par le cookie concernant votre utilisation du site web (y compris votre adresse IP) sont transmises \u00e0 Google et stock\u00e9es par Google sur des serveurs situ\u00e9s aux \u00c9tats-Unis. Google utilisera cette information dans le but d'\u00e9valuer votre utilisation du site, de compiler des rapports sur l'activit\u00e9 du site pour les op\u00e9rateurs de sites web et de fournir d'autres services relatifs \u00e0 l'activit\u00e9 du site et \u00e0 l'utilisation d'Internet. Google peut \u00e9galement transf\u00e9rer ces informations \u00e0 des tiers lorsque la loi l'exige ou lorsque ces tiers traitent les informations pour le compte de Google. Google n'associera pas votre adresse IP \u00e0 d'autres donn\u00e9es d\u00e9tenues par Google. Vous pouvez refuser l'utilisation de cookies en s\u00e9lectionnant les param\u00e8tres appropri\u00e9s sur votre navigateur, mais veuillez noter que si vous le faites, vous ne pourrez peut-\u00eatre pas utiliser toutes les fonctionnalit\u00e9s de ce site web. En utilisant ce site web, vous consentez au traitement de vos donn\u00e9es par Google de la mani\u00e8re et pour les finalit\u00e9s d\u00e9crites ci-dessus.<\/p>\n<p>Impression du site web from impressum-generator.de<\/p>","protected":false},"excerpt":{"rendered":"<p>Information according to \u00a7 5 TMG Christoph Kl\u00fctsch Centerfield Guest House 605101 Auroville, Tamil Nadu India Contact: Phone: +91 99206 61820 Email: info@readingdeleuzeinindia.org Disclaimer: Liability for contents The contents of our pages have been created with the utmost care. However, we cannot guarantee the accuracy, completeness and timeliness of the content. As a service provider, [&hellip;]<\/p>\n","protected":false},"author":1,"featured_media":0,"parent":0,"menu_order":0,"comment_status":"closed","ping_status":"closed","template":"","meta":{"_editorskit_title_hidden":false,"_editorskit_reading_time":0,"_editorskit_is_block_options_detached":false,"_editorskit_block_options_position":"{}","footnotes":""},"class_list":["post-4455","page","type-page","status-publish","hentry"],"_links":{"self":[{"href":"https:\/\/readingdeleuzeinindia.org\/fr\/wp-json\/wp\/v2\/pages\/4455","targetHints":{"allow":["GET"]}}],"collection":[{"href":"https:\/\/readingdeleuzeinindia.org\/fr\/wp-json\/wp\/v2\/pages"}],"about":[{"href":"https:\/\/readingdeleuzeinindia.org\/fr\/wp-json\/wp\/v2\/types\/page"}],"author":[{"embeddable":true,"href":"https:\/\/readingdeleuzeinindia.org\/fr\/wp-json\/wp\/v2\/users\/1"}],"replies":[{"embeddable":true,"href":"https:\/\/readingdeleuzeinindia.org\/fr\/wp-json\/wp\/v2\/comments?post=4455"}],"version-history":[{"count":1,"href":"https:\/\/readingdeleuzeinindia.org\/fr\/wp-json\/wp\/v2\/pages\/4455\/revisions"}],"predecessor-version":[{"id":4456,"href":"https:\/\/readingdeleuzeinindia.org\/fr\/wp-json\/wp\/v2\/pages\/4455\/revisions\/4456"}],"wp:attachment":[{"href":"https:\/\/readingdeleuzeinindia.org\/fr\/wp-json\/wp\/v2\/media?parent=4455"}],"curies":[{"name":"wp","href":"https:\/\/api.w.org\/{rel}","templated":true}]}}