{"id":5094,"date":"2025-08-09T22:17:04","date_gmt":"2025-08-09T16:47:04","guid":{"rendered":"https:\/\/readingdeleuzeinindia.org\/?page_id=5094"},"modified":"2025-08-12T08:35:56","modified_gmt":"2025-08-12T03:05:56","slug":"christoph-kluetsch-profile-for-an-art-and-meditation-center","status":"publish","type":"page","link":"https:\/\/readingdeleuzeinindia.org\/de\/christoph-kluetsch-profile-for-an-art-and-meditation-center\/","title":{"rendered":"Christoph Kl\u00fctsch \u2013 Profile for an Art and Meditation Center"},"content":{"rendered":"\r\n<p>Christoph Kl\u00fctsch ist Kunstphilosoph, Kulturhistoriker und P\u00e4dagoge, dessen Lebenswerk in der Verkn\u00fcpfung von kritischer Theorie, kreativer Praxis und kontemplativem Bewusstsein besteht. In den letzten zwei Jahrzehnten hat er in Europa, Indien und den Vereinigten Staaten gelehrt, geforscht und kuratiert und dabei moderne und zeitgen\u00f6ssische Kunst, deleuzianische Philosophie, Medientheorie und globale kulturelle Traditionen zusammengebracht.<\/p>\r\n\r\n\r\n\r\n<figure class=\"wp-block-image size-medium is-resized is-style-rounded\"><img loading=\"lazy\" decoding=\"async\"  decoding=\"async\" width=\"300\" height=\"423\" class=\"wp-image-5105\" style=\"width: 300px;\" src=\"https:\/\/readingdeleuzeinindia.org\/wp-content\/uploads\/2025\/08\/P1080592-355x500.jpg\" alt=\"\" srcset=\"https:\/\/readingdeleuzeinindia.org\/wp-content\/uploads\/2025\/08\/P1080592-355x500.jpg 355w, https:\/\/readingdeleuzeinindia.org\/wp-content\/uploads\/2025\/08\/P1080592-1082x1524.jpg 1082w, https:\/\/readingdeleuzeinindia.org\/wp-content\/uploads\/2025\/08\/P1080592-107x150.jpg 107w, https:\/\/readingdeleuzeinindia.org\/wp-content\/uploads\/2025\/08\/P1080592-768x1081.jpg 768w, https:\/\/readingdeleuzeinindia.org\/wp-content\/uploads\/2025\/08\/P1080592-1091x1536.jpg 1091w, https:\/\/readingdeleuzeinindia.org\/wp-content\/uploads\/2025\/08\/P1080592-1454x2048.jpg 1454w, https:\/\/readingdeleuzeinindia.org\/wp-content\/uploads\/2025\/08\/P1080592-600x845.jpg 600w, https:\/\/readingdeleuzeinindia.org\/wp-content\/uploads\/2025\/08\/P1080592-scaled.jpg 1364w\" sizes=\"(max-width: 300px) 100vw, 300px\" \/><\/figure>\r\n\r\n\r\n\r\n<p>Als <strong>Gr\u00fcnder der Akademie Provence<\/strong> in Frankreich und ehemaliger <strong>akademischer Direktor des Savannah College of Art and Design<\/strong> (SCAD) Lacoste hat er Generationen von Studenten und K\u00fcnstlern in Kursen wie Kunst und Spiritualit\u00e4t, Visuelle Kultur und Nach der Postmoderne unterrichtet. Seine international ver\u00f6ffentlichten Forschungsarbeiten &#8211; darunter Computer Graphic: Aesthetic Experiments Between Two Cultures (Springer) &#8211; hat die Grenze zwischen Kunst, Technologie und Denken erforscht, und seine Leitung preisgekr\u00f6nter europ\u00e4ischer Kulturprojekte beweist seine F\u00e4higkeit, Visionen in die Realit\u00e4t umzusetzen.<\/p>\r\n<p>In den letzten Jahren hat sich Christophs Arbeit auf das <em>Zusammentreffen von \u00f6stlichen und westlichen Wissensformen<\/em> konzentriert. In seinen Schriften &#8211; wie Reading Deleuze in India &#8211; untersucht er, wie philosophische Ideen in der Praxis leben k\u00f6nnen: wie Musik, Gesten, Licht und Stille Konzepte des Werdens, der Vielheit und der Immanenz verk\u00f6rpern k\u00f6nnen. Von seiner Zeit in Indien inspirierte Beitr\u00e4ge reflektieren \u00fcber den Namaste-Gru\u00df als Anerkennung des inneren Lichts, \u00fcber den Raga als zeitliche Architektur der Seele und \u00fcber Sri Aurobindos Vision vom Bewusstsein in der Evolution. Diese \u00dcberlegungen weisen auf eine Kunst hin, die nicht vom Leben getrennt ist, sondern Teil einer inneren Praxis der Transformation.<\/p>\r\n<p>Sein <strong>geplantes Kunst- und Meditationszentrum<\/strong> &#8211; in den meditativen Landschaften Indiens oder in der zeitlosen Landschaft der Provence &#8211; wird ein Ort sein, an dem sich K\u00fcnstler, Philosophen und Suchende treffen und gemeinsam forschen k\u00f6nnen. Es wird Aufenthalte, Workshops und stille Retreats anbieten, bei denen das Atelier zum Meditationsraum und der Meditationsraum zum Atelier wird. Ausgehend von der \u00dcberzeugung, dass kreativer Ausdruck und spirituelle Praxis zwei Aspekte ein und derselben Bewegung sind, wird das Zentrum sowohl den kritischen Verstand als auch das offene Herz kultivieren.<\/p>\r\n<p>Christoph spricht flie\u00dfend Deutsch, Englisch und Franz\u00f6sisch und verf\u00fcgt \u00fcber Erfahrung in der Arbeit mit anderen Kulturen, was ihn zur Leitung eines solchen Zentrums pr\u00e4destiniert. Sein Weg, der Kunstgeschichte, Medieninnovation, interkulturellen Dialog und kontemplative Philosophie umfasst, verk\u00f6rpert genau die Synthese, die dieses Zentrum f\u00f6rdern wird: ein Ort, an dem Denken und Sein, Kunst und Geist zusammenkommen.<\/p>\r\n\r\n\r\n\r\n<p><img loading=\"lazy\" decoding=\"async\"  decoding=\"async\" class=\"alignnone size-medium wp-image-5103\" src=\"https:\/\/readingdeleuzeinindia.org\/wp-content\/uploads\/2025\/08\/P1080569-500x463.jpg\" alt=\"\" width=\"500\" height=\"463\" srcset=\"https:\/\/readingdeleuzeinindia.org\/wp-content\/uploads\/2025\/08\/P1080569-500x463.jpg 500w, https:\/\/readingdeleuzeinindia.org\/wp-content\/uploads\/2025\/08\/P1080569-1524x1410.jpg 1524w, https:\/\/readingdeleuzeinindia.org\/wp-content\/uploads\/2025\/08\/P1080569-150x139.jpg 150w, https:\/\/readingdeleuzeinindia.org\/wp-content\/uploads\/2025\/08\/P1080569-768x711.jpg 768w, https:\/\/readingdeleuzeinindia.org\/wp-content\/uploads\/2025\/08\/P1080569-1536x1421.jpg 1536w, https:\/\/readingdeleuzeinindia.org\/wp-content\/uploads\/2025\/08\/P1080569-2048x1895.jpg 2048w, https:\/\/readingdeleuzeinindia.org\/wp-content\/uploads\/2025\/08\/P1080569-600x555.jpg 600w, https:\/\/readingdeleuzeinindia.org\/wp-content\/uploads\/2025\/08\/P1080569-scaled.jpg 1920w\" sizes=\"(max-width: 500px) 100vw, 500px\" \/> <img loading=\"lazy\" decoding=\"async\"  decoding=\"async\" class=\"alignnone size-medium wp-image-5110\" src=\"https:\/\/readingdeleuzeinindia.org\/wp-content\/uploads\/2025\/08\/P1080649-375x500.jpg\" alt=\"\" width=\"375\" height=\"500\" srcset=\"https:\/\/readingdeleuzeinindia.org\/wp-content\/uploads\/2025\/08\/P1080649-375x500.jpg 375w, https:\/\/readingdeleuzeinindia.org\/wp-content\/uploads\/2025\/08\/P1080649-1144x1524.jpg 1144w, https:\/\/readingdeleuzeinindia.org\/wp-content\/uploads\/2025\/08\/P1080649-113x150.jpg 113w, https:\/\/readingdeleuzeinindia.org\/wp-content\/uploads\/2025\/08\/P1080649-768x1023.jpg 768w, https:\/\/readingdeleuzeinindia.org\/wp-content\/uploads\/2025\/08\/P1080649-1153x1536.jpg 1153w, https:\/\/readingdeleuzeinindia.org\/wp-content\/uploads\/2025\/08\/P1080649-1538x2048.jpg 1538w, https:\/\/readingdeleuzeinindia.org\/wp-content\/uploads\/2025\/08\/P1080649-600x799.jpg 600w, https:\/\/readingdeleuzeinindia.org\/wp-content\/uploads\/2025\/08\/P1080649-scaled.jpg 1442w\" sizes=\"(max-width: 375px) 100vw, 375px\" \/> <img loading=\"lazy\" decoding=\"async\"  decoding=\"async\" class=\"alignnone size-medium wp-image-5095\" src=\"https:\/\/readingdeleuzeinindia.org\/wp-content\/uploads\/2025\/08\/P1080561-375x500.jpg\" alt=\"\" width=\"375\" height=\"500\" srcset=\"https:\/\/readingdeleuzeinindia.org\/wp-content\/uploads\/2025\/08\/P1080561-375x500.jpg 375w, https:\/\/readingdeleuzeinindia.org\/wp-content\/uploads\/2025\/08\/P1080561-1144x1524.jpg 1144w, https:\/\/readingdeleuzeinindia.org\/wp-content\/uploads\/2025\/08\/P1080561-113x150.jpg 113w, https:\/\/readingdeleuzeinindia.org\/wp-content\/uploads\/2025\/08\/P1080561-768x1023.jpg 768w, https:\/\/readingdeleuzeinindia.org\/wp-content\/uploads\/2025\/08\/P1080561-1153x1536.jpg 1153w, https:\/\/readingdeleuzeinindia.org\/wp-content\/uploads\/2025\/08\/P1080561-1538x2048.jpg 1538w, https:\/\/readingdeleuzeinindia.org\/wp-content\/uploads\/2025\/08\/P1080561-600x799.jpg 600w, https:\/\/readingdeleuzeinindia.org\/wp-content\/uploads\/2025\/08\/P1080561-scaled.jpg 1442w\" sizes=\"(max-width: 375px) 100vw, 375px\" \/> <img loading=\"lazy\" decoding=\"async\"  decoding=\"async\" class=\"alignnone size-medium wp-image-5098\" src=\"https:\/\/readingdeleuzeinindia.org\/wp-content\/uploads\/2025\/08\/P1080584-353x500.jpg\" alt=\"\" width=\"353\" height=\"500\" srcset=\"https:\/\/readingdeleuzeinindia.org\/wp-content\/uploads\/2025\/08\/P1080584-353x500.jpg 353w, https:\/\/readingdeleuzeinindia.org\/wp-content\/uploads\/2025\/08\/P1080584-1076x1524.jpg 1076w, https:\/\/readingdeleuzeinindia.org\/wp-content\/uploads\/2025\/08\/P1080584-106x150.jpg 106w, https:\/\/readingdeleuzeinindia.org\/wp-content\/uploads\/2025\/08\/P1080584-768x1088.jpg 768w, https:\/\/readingdeleuzeinindia.org\/wp-content\/uploads\/2025\/08\/P1080584-1084x1536.jpg 1084w, https:\/\/readingdeleuzeinindia.org\/wp-content\/uploads\/2025\/08\/P1080584-1445x2048.jpg 1445w, https:\/\/readingdeleuzeinindia.org\/wp-content\/uploads\/2025\/08\/P1080584-600x850.jpg 600w, https:\/\/readingdeleuzeinindia.org\/wp-content\/uploads\/2025\/08\/P1080584-scaled.jpg 1355w\" sizes=\"(max-width: 353px) 100vw, 353px\" \/><\/p>\r\n","protected":false},"excerpt":{"rendered":"<p>Christoph Kl\u00fctsch ist Kunstphilosoph, Kulturhistoriker und P\u00e4dagoge, dessen Lebenswerk in der Verkn\u00fcpfung von kritischer Theorie, kreativer Praxis und kontemplativem Bewusstsein besteht. In den letzten zwei Jahrzehnten hat er in Europa, Indien und den Vereinigten Staaten gelehrt, geforscht und kuratiert und dabei moderne und zeitgen\u00f6ssische Kunst, deleuzianische Philosophie, Medientheorie und globale kulturelle Traditionen zusammengebracht. Als Gr\u00fcnder [&hellip;]<\/p>\n","protected":false},"author":1,"featured_media":0,"parent":0,"menu_order":0,"comment_status":"closed","ping_status":"closed","template":"","meta":{"_editorskit_title_hidden":false,"_editorskit_reading_time":0,"_editorskit_is_block_options_detached":false,"_editorskit_block_options_position":"{}","footnotes":""},"class_list":["post-5094","page","type-page","status-publish","hentry"],"_links":{"self":[{"href":"https:\/\/readingdeleuzeinindia.org\/de\/wp-json\/wp\/v2\/pages\/5094","targetHints":{"allow":["GET"]}}],"collection":[{"href":"https:\/\/readingdeleuzeinindia.org\/de\/wp-json\/wp\/v2\/pages"}],"about":[{"href":"https:\/\/readingdeleuzeinindia.org\/de\/wp-json\/wp\/v2\/types\/page"}],"author":[{"embeddable":true,"href":"https:\/\/readingdeleuzeinindia.org\/de\/wp-json\/wp\/v2\/users\/1"}],"replies":[{"embeddable":true,"href":"https:\/\/readingdeleuzeinindia.org\/de\/wp-json\/wp\/v2\/comments?post=5094"}],"version-history":[{"count":2,"href":"https:\/\/readingdeleuzeinindia.org\/de\/wp-json\/wp\/v2\/pages\/5094\/revisions"}],"predecessor-version":[{"id":5255,"href":"https:\/\/readingdeleuzeinindia.org\/de\/wp-json\/wp\/v2\/pages\/5094\/revisions\/5255"}],"wp:attachment":[{"href":"https:\/\/readingdeleuzeinindia.org\/de\/wp-json\/wp\/v2\/media?parent=5094"}],"curies":[{"name":"wp","href":"https:\/\/api.w.org\/{rel}","templated":true}]}}